{"id":2414,"date":"2020-05-27T07:08:55","date_gmt":"2020-05-27T07:08:55","guid":{"rendered":"https:\/\/www.revalo.it\/privacy-policy\/"},"modified":"2020-07-22T13:33:01","modified_gmt":"2020-07-22T13:33:01","slug":"privacy-policy","status":"publish","type":"page","link":"https:\/\/www.revalo.it\/en\/privacy-policy\/","title":{"rendered":"Privacy Policy"},"content":{"rendered":"<div class=\"wpb-content-wrapper\">[vc_row css=&#8221;.vc_custom_1593159703455{margin-top: 20vh !important;}&#8221;][vc_column][vc_row_inner][vc_column_inner][vc_column_text css=&#8221;.vc_custom_1593161719567{margin-bottom: 8vh !important;}&#8221;]\n<h2>Privacy Policy<\/h2>\n<p><strong>TITOLARE DEL TRATTAMENTO DEI DATI PERSONALI<\/strong><\/p>\n<p>A seguito dell\u2019accesso e della consultazione di questo sito possono essere raccolti dati relativi a persone identificate o identificabili.<\/p>\n<p>Il Titolare del loro trattamento \u00e8 Revalo S.p.A. (\u201c<strong>Revalo\u201d<\/strong>), che ha sede in Roma, via di Santa Teresa n. 35. L\u2019informativa \u00e8 resa solo per questo sito web e non anche per altri siti web eventualmente consultati dall\u2019utente tramite i link.<\/p>\n<p><strong>TIPI DI DATI TRATTATI<\/strong><br \/>\n<strong><br \/>\nDati di navigazione <\/strong><\/p>\n<p>I sistemi informatici e le procedure software preposte al funzionamento di questo sito web acquisiscono, nel corso del loro normale esercizio, alcuni dati personali la cui trasmissione \u00e8 implicita nell\u2019uso dei protocolli di comunicazione di Internet. Si tratta di informazioni che non sono raccolte per essere associate a interessati identificati, ma che per loro stessa natura potrebbero, attraverso elaborazioni ed associazioni con dati detenuti da terzi, permettere di identificare gli utenti. In questa categoria di dati rientrano gli indirizzi IP o i nomi a dominio dei computer utilizzati dagli utenti che si connettono al sito, gli indirizzi in notazione URI (Uniform Resource Identifier) delle risorse richieste, l\u2019orario della richiesta, il metodo utilizzato nel sottoporre la richiesta al server, la dimensione del file ottenuto in risposta, il codice numerico indicante lo stato della risposta data dal server (buon fine, errore, ecc.) ed altri parametri relativi al sistema operativo e all\u2019ambiente informatico dell&#8217;utente.<\/p>\n<p><strong>Dati forniti volontariamente dall&#8217;utente <\/strong><\/p>\n<p>L\u2019invio facoltativo, esplicito e volontario di posta elettronica agli indirizzi indicati su questo sito comporta la successiva acquisizione dell\u2019indirizzo del mittente, necessario per rispondere alle richieste, nonch\u00e9 degli eventuali altri dati personali inseriti nella missiva.<\/p>\n<p><strong>COOKIES <\/strong><\/p>\n<p>Si informa che Revalo utilizza la tecnologia \u201ccookie\u201d con lo scopo di offrire al visitatore la migliore esperienza nella fruizione del sito.<\/p>\n<p>I cookie sono file di piccole dimensioni che il sito visitato dall&#8217;utente invia al browser, dove vengono memorizzati per essere poi ritrasmessi al sito stesso alla successiva visita del medesimo utente.<\/p>\n<p><strong>Cookie tecnici <\/strong><\/p>\n<p>I cookie tecnici sono essenziali per il corretto funzionamento del sito e non richiedono il preventivo consenso da parte dell\u2019utente.<\/p>\n<p>Questi sono normalmente installati direttamente dal titolare o gestore del sito. Possono essere suddivisi in cookie di navigazione o di sessione, che garantiscono la normale navigazione e fruizione di un sito web.<\/p>\n<p>Tra i cookie tecnici, che non richiedono un consenso espresso per il loro utilizzo, il Garante per la protezione dei dati personali italiano, ricomprende anche:<\/p>\n<p>\u2022 i \u201ccookie analytics\u201d laddove utilizzati direttamente dal gestore del sito per raccogliere informazioni, in forma aggregata, sul numero degli utenti e su come questi visitano il sito stesso,<\/p>\n<p>\u2022 i cookie di navigazione o di sessione;<\/p>\n<p>\u2022 i cookie di funzionalit\u00e0, che permettono all&#8217;utente la navigazione in funzione di una serie di \u2028criteri selezionati (ad esempio la lingua) al fine di migliorare il servizio reso allo stesso.<\/p>\n<p><strong>Cookie di terze parti \u2028<\/strong><\/p>\n<p>Nel corso della navigazione sul sito, l&#8217;utente pu\u00f2 ricevere sul suo terminale anche cookie di siti o di web server diversi (c.d. cookie di &#8220;terze parti&#8221;) sui quali possono risiedere alcuni elementi (quali, ad esempio, immagini, mappe, suoni, specifici link a pagine di altri domini) presenti sul sito che lo stesso sta visitando. In questo caso si tratta di cookie che vengono impostati da un sito web diverso da quello che si sta attualmente visitando.<\/p>\n<p>Il sito utilizza:<\/p>\n<p>\u2022 la piattaforma <em>Google Analytics<\/em> al fine di valutare la performance del sito, il traffico effettuato su di esso, e rendere pi\u00f9 efficiente la navigazione (Privacy Policy: <a href=\"https:\/\/developers.google.com\/analytics\/devguides\/collection\/analyticsjs\/cookie-usage\" target=\"_blank\" rel=\"noopener noreferrer\">https:\/\/developers.google.com\/analytics\/devguides\/collection\/analyticsjs\/cookie-usage<\/a>);<\/p>\n<p><strong>Blocco dei cookie <\/strong><\/p>\n<p>L\u2019utente pu\u00f2 selezionare quali cookie autorizzare attraverso l\u2019apposita procedura di seguito prevista, nonch\u00e9 autorizzare, bloccare o cancellare (in tutto o in parte) i cookie anche attraverso le specifiche funzioni del proprio programma di navigazione (c.d. browser): tuttavia, nell\u2019ipotesi in cui tutti o alcuni dei cookie vengano disabilitati \u00e8 possibile che il sito risulti non consultabile o che alcuni servizi o determinate funzioni del sito non siano disponibili o non funzionino correttamente e\/o l\u2019utente potrebbe essere costretto a modificare o a inserire manualmente alcune informazioni o preferenze ogni volta che visiter\u00e0 il sito.<\/p>\n<p>Se desiderate modificare le impostazioni dei vostri cookie di seguito si riportano brevi istruzioni su come effettuare questa operazione nei quattro browser pi\u00f9 diffusi:<\/p>\n<p><em>Microsoft Internet Explorer <\/em><\/p>\n<p>Cliccare l\u2019icona &#8216;Strumenti&#8217; nell\u2019angolo in alto a destra e selezionare &#8216;Opzioni internet&#8217;. Nella finestra pop up selezionare &#8216;Privacy&#8217;. Qui potrete regolare le impostazioni dei vostri cookies.<\/p>\n<p><em>Google Chrome <\/em><\/p>\n<p>Cliccare la chiave inglese nell\u2019angolo in alto a destra e selezionare &#8216;Impostazioni&#8217;. A questo punto selezionare &#8216;Mostra impostazioni avanzate\u2019 (\u201cUnder the hood&#8217;\u201d) e cambiare le impostazioni della &#8216;Privacy&#8217;.<\/p>\n<p><em>Mozilla Firefox<\/em><\/p>\n<p>Dal menu a tendina nell\u2019angolo in alto a sinistra selezionare &#8216;Opzioni&#8217;. Nella finestra di pop up selezionare &#8216;Privacy&#8217;. Qui potrete regolare le impostazioni dei vostri cookies.<\/p>\n<p><em>Safari<\/em><\/p>\n<p>Dal menu di impostazione a tendina nell\u2019angolo in alto a destra selezionare &#8216;Preferenze&#8217;. Selezionare &#8216;Sicurezza&#8217; e qui potrete regolare le impostazioni dei vostri cookies.<\/p>\n<p><strong>FACOLTATIVITA&#8217; DEL CONFERIMENTO DEI DATI<\/strong><\/p>\n<p>A parte quanto specificato per i dati di navigazione, l\u2019utente \u00e8 libero di fornire i dati personali riportati nei moduli di richiesta o comunque indicati, per sollecitare l\u2019invio di materiale informativo o di altre comunicazioni. Il loro mancato conferimento pu\u00f2 comportare l\u2019impossibilit\u00e0 di ottenere quanto richiesto.<\/p>\n<p><strong>MODALITA&#8217; DEL TRATTAMENTO <\/strong><\/p>\n<p>I dati personali sono trattati con strumenti automatizzati per il tempo strettamente necessario a conseguire gli scopi per cui sono stati raccolti. Specifiche misure di sicurezza sono osservate per prevenire la perdita dei dati, usi illeciti o non corretti ed accessi non autorizzati. Revalo ispirandosi ai principali standard internazionali, ha adottato le misure di sicurezza atte a ridurre al minimo i rischi afferenti la riservatezza, la disponibilit\u00e0 e l\u2019integrit\u00e0 dei dati personali raccolti e trattati.<\/p>\n<p><strong>CONDIVISIONE, COMUNICAZIONE E DIFFUSIONE DEI DATI <\/strong><\/p>\n<p>I dati raccolti potranno essere trasferiti o comunicati a collaboratori interni o fornitori di servizi telematici per attivit\u00e0 strettamente connesse e strumentali alle finalit\u00e0 per cui i dati sono stati raccolti (quali l\u2019operativit\u00e0 del servizio Internet, la gestione del sistema informatico e telematico, l\u2019evasione di particolari richieste consulenziali). I dati personali forniti dagli utenti che inoltrano richiesta di invio di materiale informativo (brochure eccetera) sono utilizzati al solo fine di eseguire il servizio o la prestazione richiesta e sono comunicati a terzi nel solo caso in cui ci\u00f2 sia a tal fine necessario (incluse societ\u00e0 che forniscono servizi di imbustamento, etichettatura, spedizione). Al di fuori di questi casi, i dati non saranno comunicati, n\u00e9 concessi ad alcuno, salvo: 1. vi sia consenso esplicito a condividere i dati con terze parti; 2. vi sia la necessit\u00e0 di condividere con terzi le informazioni al fine di prestare il servizio richiesto; 3. ci\u00f2 sia necessario per adempiere a richieste dell\u2019Autorit\u00e0 Giudiziaria o di Pubblica Sicurezza. Nessun dato derivante dal servizio web viene diffuso.<\/p>\n<p><strong>TRATTAMENTO DEI DATI SENSIBILI <\/strong><\/p>\n<p>I dati personali c.d. \u201csensibili\u201d eventualmente inviatici e non strettamente pertinenti alle finalit\u00e0 della raccolta o, comunque, non recanti un esplicito e contestuale consenso scritto al loro trattamento, saranno immediatamente e definitivamente eliminati. Sono dati sensibili, a termini dell\u2019art. 9 del Regolamento Europeo 2016\/679, quelli idonei a rivelare l\u2019origine razziale ed etnica, le convinzioni religiose o filosofiche, le opinioni politiche, l\u2019appartenenza sindacale, nonch\u00e9 dati genetici, i dati biometrici intesi a identificare in modo univoco una persona fisica, dati relativi alla salute o alla vita sessuale, o all\u2019orientamento sessuale di una persona. Il trattamento dei dati sensibili che, per le ragioni suddette, non vengano immediatamente eliminati, avverr\u00e0 nel pieno rispetto della normativa applicabile.<\/p>\n<p><strong>DIRITTI DEGLI INTERESSATI <\/strong><\/p>\n<p>1. I soggetti cui si riferiscono i dati personali, ai sensi degli artt. 15-22 del Regolamento Europeo 2016\/679, godono dei diritti di seguito elencati:<\/p>\n<p>\u2022 il diritto di accesso ai dati personali, che comprende altres\u00ec il diritto ad ottenere una copia dei dati personali oggetto di trattamento;<br \/>\n\u2022 il diritto di ricevere, in un formato strutturato, di uso comune, leggibile da dispositivo automatico e interoperabile, i dati personali che lo riguardano;<br \/>\n\u2022 il diritto di ottenere l\u2019aggiornamento, la rettificazione o l\u2019integrazione dei dati;<br \/>\n\u2022 il diritto di ottenere la cancellazione, la limitazione, la trasformazione in forma anonima o il blocco dei dati trattati in violazione di legge, compresi quelli di cui non \u00e8 necessaria la \u2028 conservazione in relazione agli scopi per i quali i dati sono stati raccolti o successivamente trattati;<br \/>\n\u2022 il diritto di ottenere l\u2019attestazione che le operazioni di cui ai punti che precedono sono state \u2028portate a conoscenza, anche per quanto concerne il loro contenuto, di coloro ai quali i dati sono stati comunicati, con l\u2019eccezione dei casi in cui tale adempimento si riveli impossibile o comporti un impiego di mezzi manifestatamene sproporzionato rispetto al diritto tutelato;<br \/>\n\u2022 il diritto di opporsi, in tutto o in parte, per motivi legittimi, al trattamento dei dati personali che la riguardano, anche se pertinenti allo scopo della raccolta ed ai trattamenti effettuati per le finalit\u00e0 previste dalla normativa vigente.<br \/>\n\u2022 il diritto di proporre reclamo al Garante dei dati personali, secondo la procedura consultabile al sito (<a href=\"http:\/\/www.garanteprivacy.it\/web\/guest\/home\/docweb\/-\/docweb-display\/docweb\/4535524\" target=\"_blank\" rel=\"noopener noreferrer\">www.garanteprivacy.it\/web\/guest\/home\/docweb\/-\/docweb-display\/docweb\/4535524<\/a>) per lamentare una violazione della disciplina in materia di protezione dei dati personali e richiedere una verifica dell\u2018Autorit\u00e0.<\/p>\n<p><strong>MODIFICHE ALLE PRESENTI POLITICHE SULLA PRIVACY \u2028<\/strong><\/p>\n<p>Revalo verifica periodicamente le proprie politiche relative alla privacy e alla sicurezza e, se del caso, le rivede in relazione alle modifiche normative, organizzative o dettate dall\u2019evoluzione tecnologica. In caso di modifica delle politiche, la nuova versione sar\u00e0 pubblicata in questa pagina del sito.<\/p>\n<p><strong>DOMANDE, RECLAMI E SUGGERIMENTI \u2028<\/strong><\/p>\n<p>Chiunque fosse interessato a maggiori informazioni, a contribuire con propri suggerimenti o avanzare reclami o contestazioni in merito alle politiche privacy di Revalo o sul modo in cui la stessa tratta i dati personali, pu\u00f2 rivolgersi al Responsabile della Protezione dei Dati, scrivendo al seguente indirizzo e- mail <a href=\"mailto:DPO@revalo.it\">DPO@revalo.it<\/a>.[\/vc_column_text][\/vc_column_inner][\/vc_row_inner][\/vc_column][\/vc_row]\n<\/div>","protected":false},"excerpt":{"rendered":"<p>[vc_row css=&#8221;.vc_custom_1593159703455{margin-top: 20vh !important;}&#8221;][vc_column][vc_row_inner][vc_column_inner][vc_column_text css=&#8221;.vc_custom_1593161719567{margin-bottom: 8vh !important;}&#8221;] Privacy Policy TITOLARE DEL TRATTAMENTO DEI DATI PERSONALI A seguito dell\u2019accesso e della consultazione di questo sito possono essere raccolti dati relativi a persone identificate o identificabili. Il Titolare del loro trattamento \u00e8 Revalo S.p.A. (\u201cRevalo\u201d), che ha sede in Roma, via di Santa Teresa n. 35. L\u2019informativa&hellip;<\/p>\n","protected":false},"author":1,"featured_media":0,"parent":0,"menu_order":0,"comment_status":"closed","ping_status":"open","template":"","meta":{"footnotes":""},"class_list":["post-2414","page","type-page","status-publish","hentry"],"yoast_head":"<!-- This site is optimized with the Yoast SEO plugin v27.0 - https:\/\/yoast.com\/product\/yoast-seo-wordpress\/ -->\n<title>Privacy Policy - Revalo S.p.A.<\/title>\n<meta name=\"robots\" content=\"index, follow, max-snippet:-1, max-image-preview:large, max-video-preview:-1\" \/>\n<link rel=\"canonical\" href=\"https:\/\/www.revalo.it\/en\/privacy-policy\/\" \/>\n<meta property=\"og:locale\" content=\"en_US\" \/>\n<meta property=\"og:type\" content=\"article\" \/>\n<meta property=\"og:title\" content=\"Privacy Policy - Revalo S.p.A.\" \/>\n<meta property=\"og:description\" content=\"[vc_row css=&#8221;.vc_custom_1593159703455{margin-top: 20vh !important;}&#8221;][vc_column][vc_row_inner][vc_column_inner][vc_column_text css=&#8221;.vc_custom_1593161719567{margin-bottom: 8vh !important;}&#8221;] Privacy Policy TITOLARE DEL TRATTAMENTO DEI DATI PERSONALI A seguito dell\u2019accesso e della consultazione di questo sito possono essere raccolti dati relativi a persone identificate o identificabili. Il Titolare del loro trattamento \u00e8 Revalo S.p.A. (\u201cRevalo\u201d), che ha sede in Roma, via di Santa Teresa n. 35. L\u2019informativa&hellip;\" \/>\n<meta property=\"og:url\" content=\"https:\/\/www.revalo.it\/en\/privacy-policy\/\" \/>\n<meta property=\"og:site_name\" content=\"Revalo S.p.A.\" \/>\n<meta property=\"article:modified_time\" content=\"2020-07-22T13:33:01+00:00\" \/>\n<meta name=\"twitter:card\" content=\"summary_large_image\" \/>\n<meta name=\"twitter:label1\" content=\"Est. reading time\" \/>\n\t<meta name=\"twitter:data1\" content=\"8 minutes\" \/>\n<script type=\"application\/ld+json\" class=\"yoast-schema-graph\">{\"@context\":\"https:\/\/schema.org\",\"@graph\":[{\"@type\":\"WebPage\",\"@id\":\"https:\/\/www.revalo.it\/en\/privacy-policy\/\",\"url\":\"https:\/\/www.revalo.it\/en\/privacy-policy\/\",\"name\":\"Privacy Policy - Revalo S.p.A.\",\"isPartOf\":{\"@id\":\"https:\/\/www.revalo.it\/#website\"},\"datePublished\":\"2020-05-27T07:08:55+00:00\",\"dateModified\":\"2020-07-22T13:33:01+00:00\",\"breadcrumb\":{\"@id\":\"https:\/\/www.revalo.it\/en\/privacy-policy\/#breadcrumb\"},\"inLanguage\":\"en-US\",\"potentialAction\":[{\"@type\":\"ReadAction\",\"target\":[\"https:\/\/www.revalo.it\/en\/privacy-policy\/\"]}]},{\"@type\":\"BreadcrumbList\",\"@id\":\"https:\/\/www.revalo.it\/en\/privacy-policy\/#breadcrumb\",\"itemListElement\":[{\"@type\":\"ListItem\",\"position\":1,\"name\":\"Home\",\"item\":\"https:\/\/www.revalo.it\/en\/\"},{\"@type\":\"ListItem\",\"position\":2,\"name\":\"Privacy Policy\"}]},{\"@type\":\"WebSite\",\"@id\":\"https:\/\/www.revalo.it\/#website\",\"url\":\"https:\/\/www.revalo.it\/\",\"name\":\"Revalo S.p.A.\",\"description\":\"Improving value for people and assets\",\"publisher\":{\"@id\":\"https:\/\/www.revalo.it\/#organization\"},\"potentialAction\":[{\"@type\":\"SearchAction\",\"target\":{\"@type\":\"EntryPoint\",\"urlTemplate\":\"https:\/\/www.revalo.it\/?s={search_term_string}\"},\"query-input\":{\"@type\":\"PropertyValueSpecification\",\"valueRequired\":true,\"valueName\":\"search_term_string\"}}],\"inLanguage\":\"en-US\"},{\"@type\":\"Organization\",\"@id\":\"https:\/\/www.revalo.it\/#organization\",\"name\":\"Revalo S.p.A.\",\"url\":\"https:\/\/www.revalo.it\/\",\"logo\":{\"@type\":\"ImageObject\",\"inLanguage\":\"en-US\",\"@id\":\"https:\/\/www.revalo.it\/#\/schema\/logo\/image\/\",\"url\":\"https:\/\/revalo.it\/wp-content\/uploads\/2020\/05\/logo.png\",\"contentUrl\":\"https:\/\/revalo.it\/wp-content\/uploads\/2020\/05\/logo.png\",\"width\":800,\"height\":168,\"caption\":\"Revalo S.p.A.\"},\"image\":{\"@id\":\"https:\/\/www.revalo.it\/#\/schema\/logo\/image\/\"},\"sameAs\":[\"https:\/\/www.linkedin.com\/company\/revalo\/\"]}]}<\/script>\n<!-- \/ Yoast SEO plugin. -->","yoast_head_json":{"title":"Privacy Policy - Revalo S.p.A.","robots":{"index":"index","follow":"follow","max-snippet":"max-snippet:-1","max-image-preview":"max-image-preview:large","max-video-preview":"max-video-preview:-1"},"canonical":"https:\/\/www.revalo.it\/en\/privacy-policy\/","og_locale":"en_US","og_type":"article","og_title":"Privacy Policy - Revalo S.p.A.","og_description":"[vc_row css=&#8221;.vc_custom_1593159703455{margin-top: 20vh !important;}&#8221;][vc_column][vc_row_inner][vc_column_inner][vc_column_text css=&#8221;.vc_custom_1593161719567{margin-bottom: 8vh !important;}&#8221;] Privacy Policy TITOLARE DEL TRATTAMENTO DEI DATI PERSONALI A seguito dell\u2019accesso e della consultazione di questo sito possono essere raccolti dati relativi a persone identificate o identificabili. Il Titolare del loro trattamento \u00e8 Revalo S.p.A. (\u201cRevalo\u201d), che ha sede in Roma, via di Santa Teresa n. 35. L\u2019informativa&hellip;","og_url":"https:\/\/www.revalo.it\/en\/privacy-policy\/","og_site_name":"Revalo S.p.A.","article_modified_time":"2020-07-22T13:33:01+00:00","twitter_card":"summary_large_image","twitter_misc":{"Est. reading time":"8 minutes"},"schema":{"@context":"https:\/\/schema.org","@graph":[{"@type":"WebPage","@id":"https:\/\/www.revalo.it\/en\/privacy-policy\/","url":"https:\/\/www.revalo.it\/en\/privacy-policy\/","name":"Privacy Policy - Revalo S.p.A.","isPartOf":{"@id":"https:\/\/www.revalo.it\/#website"},"datePublished":"2020-05-27T07:08:55+00:00","dateModified":"2020-07-22T13:33:01+00:00","breadcrumb":{"@id":"https:\/\/www.revalo.it\/en\/privacy-policy\/#breadcrumb"},"inLanguage":"en-US","potentialAction":[{"@type":"ReadAction","target":["https:\/\/www.revalo.it\/en\/privacy-policy\/"]}]},{"@type":"BreadcrumbList","@id":"https:\/\/www.revalo.it\/en\/privacy-policy\/#breadcrumb","itemListElement":[{"@type":"ListItem","position":1,"name":"Home","item":"https:\/\/www.revalo.it\/en\/"},{"@type":"ListItem","position":2,"name":"Privacy Policy"}]},{"@type":"WebSite","@id":"https:\/\/www.revalo.it\/#website","url":"https:\/\/www.revalo.it\/","name":"Revalo S.p.A.","description":"Improving value for people and assets","publisher":{"@id":"https:\/\/www.revalo.it\/#organization"},"potentialAction":[{"@type":"SearchAction","target":{"@type":"EntryPoint","urlTemplate":"https:\/\/www.revalo.it\/?s={search_term_string}"},"query-input":{"@type":"PropertyValueSpecification","valueRequired":true,"valueName":"search_term_string"}}],"inLanguage":"en-US"},{"@type":"Organization","@id":"https:\/\/www.revalo.it\/#organization","name":"Revalo S.p.A.","url":"https:\/\/www.revalo.it\/","logo":{"@type":"ImageObject","inLanguage":"en-US","@id":"https:\/\/www.revalo.it\/#\/schema\/logo\/image\/","url":"https:\/\/revalo.it\/wp-content\/uploads\/2020\/05\/logo.png","contentUrl":"https:\/\/revalo.it\/wp-content\/uploads\/2020\/05\/logo.png","width":800,"height":168,"caption":"Revalo S.p.A."},"image":{"@id":"https:\/\/www.revalo.it\/#\/schema\/logo\/image\/"},"sameAs":["https:\/\/www.linkedin.com\/company\/revalo\/"]}]}},"_links":{"self":[{"href":"https:\/\/www.revalo.it\/en\/wp-json\/wp\/v2\/pages\/2414","targetHints":{"allow":["GET"]}}],"collection":[{"href":"https:\/\/www.revalo.it\/en\/wp-json\/wp\/v2\/pages"}],"about":[{"href":"https:\/\/www.revalo.it\/en\/wp-json\/wp\/v2\/types\/page"}],"author":[{"embeddable":true,"href":"https:\/\/www.revalo.it\/en\/wp-json\/wp\/v2\/users\/1"}],"replies":[{"embeddable":true,"href":"https:\/\/www.revalo.it\/en\/wp-json\/wp\/v2\/comments?post=2414"}],"version-history":[{"count":1,"href":"https:\/\/www.revalo.it\/en\/wp-json\/wp\/v2\/pages\/2414\/revisions"}],"predecessor-version":[{"id":2419,"href":"https:\/\/www.revalo.it\/en\/wp-json\/wp\/v2\/pages\/2414\/revisions\/2419"}],"wp:attachment":[{"href":"https:\/\/www.revalo.it\/en\/wp-json\/wp\/v2\/media?parent=2414"}],"curies":[{"name":"wp","href":"https:\/\/api.w.org\/{rel}","templated":true}]}}